{"id":556,"date":"2023-07-01T02:02:59","date_gmt":"2023-07-01T02:02:59","guid":{"rendered":"https:\/\/atmospherechurch.com\/toronto-es\/?page_id=556"},"modified":"2026-01-07T03:40:56","modified_gmt":"2026-01-07T03:40:56","slug":"donar","status":"publish","type":"page","link":"https:\/\/atmospherechurch.com\/espanol\/donar\/","title":{"rendered":"Donar"},"content":{"rendered":"\n<section id=\"hero\" class=\"imagebg parallax parallax-disable-mobile d-flex flex-column image--dark hero-size-standard text-center\" data-overlay='4' >\n\n<div class=\"background-image-holder background--center\"><img decoding=\"async\" src=\"https:\/\/atmospherechurch.com\/espanol\/wp-content\/uploads\/sites\/5\/2026\/01\/card_giving-1400x900.jpg\" \/><\/div>\n\n<div class=\"container my-auto\">\n<div class=\"row justify-content-text-center\">\n<div class=\"col-12 text-center-xs\"><h1>Dar generosamente<\/h1>\n<\/div>\n<\/div>\n<\/div>\n\n<\/section>\n\n\n<section id=\"block_02de9ceee615f0b13e5ce623566c1b1c\" class=\"text-center space--md unpad--none bg--grey\" >\n<div class=\"container\">\n<div class=\"row justify-content-center\">\n<div class=\"col-md-7 col-11 text-center-sm text-center-xs\"><h5 class=\"caption\">Generosidad<\/h5><h2> Genere un impacto hoy a trav\u00e9s de su contribuci\u00f3n<\/h2><h3>Es gracias a vuestra generosidad que seguimos viendo a la Iglesia avanzar y a la vida de las personas transformarse a trav\u00e9s del mensaje de Jes\u00fas.<\/h3>\n<\/div>\n<\/div>\n<\/div>\n<\/section>\n\n\n<section id=\"block_9f528520d701059b8f37a19ffa30735e\" class=\"text-center space--none unpad--bottom bg--white\" >\n<div class=\"container\">\n<div class=\"row justify-content-center\">\n<div class=\"col-md-6 col-12 text-center-sm text-center-xs\"><h5 class=\"caption\">Dar ahora<\/h5><h2>Formas de dar<\/h2><h3>Todas las contribuciones a la Iglesia Atm\u00f3sfera son deducibles de impuestos. As\u00ed es como puedes donar:<\/h3>\n<\/div>\n<\/div>\n<\/div>\n<\/section>\n\n\n<section id=\"block_14566db94f8816e9dfbb43cb51f99947\" class=\"space--none pt-5 bg--white\">\n<div class=\"container\">\n<div class=\"row row-adjust justify-content-center justify-content-md-center modal-instance\">\n\t\t<div class=\"block-icon col-md-4 col-6 col-11\">\n\t\t<div class=\"boxed bg--none text-center\"><i class=\"icon fa-classic fa-solid fa-laptop mb-4\"><\/i><h3 class=\"mb-0\"><strong>En l\u00ednea<\/strong><\/h3><p class=\"lead mt-2\">Ingrese una cantidad, seleccione &#8216;diezmo&#8217; u &#8216;ofrenda&#8217; y cree una cuenta si es su primera vez<\/p><p class=\"mt-2\">Iniciar sesi\u00f3n para realizar un seguimiento de las contribuciones<\/p><a class=\"btn-link h3 mt-4\" href=\"https:\/\/secure.subsplash.com\/ui\/access\/5CSGV2\/ute_-KLxv0ybhOP2Zsd3Iuio-RBPgdVf_V5oSDpTnHEmh3UnG5Dwc7pAvdNyZocMur6Gzp_3QV37T-aVBcWf469292Pt5m3Cq1VwXyrzQlrBqks8N5gmud44qW5tEaKtFkcvXDYrWH2yhFVTLxP-Zjfkc0CxbRRg8QtXYVghdw\" target=\"_blank\">Dar ahora<\/a>\n\t\t<\/div>\n\t\t<\/div>\n\t\t<div class=\"block-icon col-md-4 col-6 col-11\">\n\t\t<div class=\"boxed bg--none text-center\"><i class=\"icon fa-classic fa-solid fa-money-bill-transfer mb-4\"><\/i><h3 class=\"mb-0\"><strong> E-Transfer <\/strong><\/h3><p class=\"lead mt-2\">Agregue &#8216;nuevo contacto&#8217;, use give@atmospherechurch.com como correo electr\u00f3nico y proporcione<\/p><p class=\"mt-2\">Disponible s\u00f3lo en Canad\u00e1<\/p><a class=\"btn-link h3 mt-4\" href=\"https:\/\/www.interac.ca\/en\/consumers\/products\/interac-e-transfer\/\" target=\"_blank\">Descubre c\u00f3mo<\/a>\n\t\t<\/div>\n\t\t<\/div>\n\t\t<div class=\"block-icon col-md-4 col-6 col-11\">\n\t\t<div class=\"boxed bg--none text-center\"><i class=\"icon fa-classic fa-solid fa-mobile-screen-button mb-4\"><\/i><h3 class=\"mb-0\"><strong> Aplicaci\u00f3n m\u00f3vil<\/strong><\/h3><p class=\"lead mt-2\">Descargue la aplicaci\u00f3n Atmosphere, haga clic en \u00abGive\u00bb, siga las instrucciones y cree un perfil.<\/p><p class=\"mt-2\">Disponible para dispositivos iOS y Android<\/p><a class=\"btn-link h3 mt-4\" href=\"https:\/\/apps.apple.com\/id\/app\/atmosphere-church\/id1210206745\" target=\"_blank\">Descargar<\/a>\n\t\t<\/div>\n\t\t<\/div>\n\t\t<div class=\"block-icon col-md-4 col-6 col-11\">\n\t\t<div class=\"boxed bg--none text-center\"><i class=\"icon fa-classic fa-solid fa-user-large mb-4\"><\/i><h3 class=\"mb-0\"><strong>En persona<\/strong><\/h3><p class=\"lead mt-2\">Recoja un sobre en nuestro mostrador de conexi\u00f3n durante el servicio para donarlo en efectivo o con cheque.<\/p><p class=\"mt-2\">Haga su cheque a nombre de: Atmopshere Church<\/p>\n\t\t<\/div>\n\t\t<\/div>\n<\/div>\n<\/div>\n<\/section>\n\n\n<section id=\"block_470490a4464695c90c9a314706d4cdf4\" class=\"text-center  space--none unpad--top bg--white\">\n<div class=\"container\">\n<div class=\"row\">\n<div class=\"block-card-billboard feature col-12\">\n<div class=\"boxed bg--grey p-5 boxed--rounded d-flex align-items-center shadow-none\" >\n<div class=\"container unpad\">\n<div class=\"col-lg-7 col-12\">\n\t\t\n<h5 class=\"caption\">Informaci\u00f3n<\/h5>\r\n\r\n<h2>Estados financieros de fin de a\u00f1o<\/h2>\r\n\r\n<h3>Los comprobantes de contribuciones del a\u00f1o anterior estar\u00e1n disponibles a partir de febrero y se enviar\u00e1n al correo electr\u00f3nico que tenemos registrado en nuestro sistema.<\/h3>\r\n<p class=\"lead\">Para actualizar su direcci\u00f3n antes de fin de a\u00f1o o para cualquier consulta, env\u00ede un correo electr\u00f3nico a <a href=\"\/\">give@atmospherechurch.com<\/a><\/h3>\n<\/div>\n<\/div>\n<\/div>\n<\/div>\n<\/div>\n<\/div>\n<\/section>","protected":false},"excerpt":{"rendered":"","protected":false},"author":2,"featured_media":724,"parent":0,"menu_order":0,"comment_status":"closed","ping_status":"closed","template":"templates\/template-page-blockbuilder.php","meta":{"_acf_changed":false,"footnotes":""},"class_list":["post-556","page","type-page","status-publish","has-post-thumbnail","hentry"],"acf":[],"_links":{"self":[{"href":"https:\/\/atmospherechurch.com\/espanol\/wp-json\/wp\/v2\/pages\/556","targetHints":{"allow":["GET"]}}],"collection":[{"href":"https:\/\/atmospherechurch.com\/espanol\/wp-json\/wp\/v2\/pages"}],"about":[{"href":"https:\/\/atmospherechurch.com\/espanol\/wp-json\/wp\/v2\/types\/page"}],"author":[{"embeddable":true,"href":"https:\/\/atmospherechurch.com\/espanol\/wp-json\/wp\/v2\/users\/2"}],"replies":[{"embeddable":true,"href":"https:\/\/atmospherechurch.com\/espanol\/wp-json\/wp\/v2\/comments?post=556"}],"version-history":[{"count":4,"href":"https:\/\/atmospherechurch.com\/espanol\/wp-json\/wp\/v2\/pages\/556\/revisions"}],"predecessor-version":[{"id":776,"href":"https:\/\/atmospherechurch.com\/espanol\/wp-json\/wp\/v2\/pages\/556\/revisions\/776"}],"wp:featuredmedia":[{"embeddable":true,"href":"https:\/\/atmospherechurch.com\/espanol\/wp-json\/wp\/v2\/media\/724"}],"wp:attachment":[{"href":"https:\/\/atmospherechurch.com\/espanol\/wp-json\/wp\/v2\/media?parent=556"}],"curies":[{"name":"wp","href":"https:\/\/api.w.org\/{rel}","templated":true}]}}