{"id":462,"date":"2022-01-02T23:10:52","date_gmt":"2022-01-02T23:10:52","guid":{"rendered":"https:\/\/atmospherechurch.com\/toronto-es\/?page_id=462"},"modified":"2026-01-10T19:32:55","modified_gmt":"2026-01-10T19:32:55","slug":"home","status":"publish","type":"page","link":"https:\/\/atmospherechurch.com\/espanol\/","title":{"rendered":"Inicio"},"content":{"rendered":"\n<section id=\"hero\" class=\"imagebg parallax parallax-disable-mobile d-flex flex-column image--dark hero-size-fullscreen text-center\" data-overlay='2' >\n\n<div class=\"background-image-holder background--center\"><img decoding=\"async\" src=\"https:\/\/atmospherechurch.com\/espanol\/wp-content\/uploads\/sites\/5\/2026\/01\/1-e1768073566526.png\" \/><\/div>\n\n<div class=\"container my-auto\">\n<div class=\"row justify-content-text-center\">\n<div class=\"col-12 text-center-xs\"><h1>Una iglesia llena del Esp\u00edritu<\/h1>\n<\/div>\n<\/div>\n<\/div>\n\n<\/section>\n\n\n<section id=\"block_b0e3260fe49d65f762a626fb02335145\" class=\"space--none unpad--none imagebg\" data-gradient-bg=\"#ff4023,#ff7723\">\n<div class=\"container\">\n<div class=\"row\">\n<div class=\"col-md-6 col-11 text-center text-center-xs text-center-sm\"><h5 class=\"caption\">Bienvenido a Casa<\/h5>\r\n<h2>Mira a Jes\u00fas obrar en ti <br class=\"d-none d-md-block d-lg-block d-xl-block\">y a trav\u00e9s de ti<\/h2>\r\n<h3>Nuestro objetivo es impactar vidas y ver vidas transformadas gui\u00e1ndolas hacia Jes\u00fas. Ven y experimenta su presencia tangible.<\/h3>\n<\/div>\n<\/div>\n<\/div>\n<\/section>\n\n\n<section id=\"block_11b124023a5b04e0c2dbea820d53ee23\" class=\"space--none unpad--none bg--light-grey section--overlap\">\n<div class=\"container\">\n\t<div class=\"row modal-instance\">\n    <div class=\"slider p-0 post-watch\" data-watch=\"true\" data-pagedots=\"true\" data-arrows=\"true\" data-autoplay=\"false\" data-infinity=\"false\" data-group=\"true\">\n    <ul class=\"slides dual-set\">\n        <li class=\"block-card col-12 col-sm-12 col-md-6 col-lg-6 col-xl-6\">\n        <div class=\"imagebg border--round d-flex align-items-end\" data-scrim-bottom=\"8\">\n        <div class=\"background-image-holder\"><img decoding=\"async\" class=\"rounded\" src=\"https:\/\/atmospherechurch.com\/espanol\/wp-content\/uploads\/sites\/5\/2026\/01\/ATMOS_SECTION_ONLINE-1400x900.jpg\" \/><\/div>\n        <div class=\"boxed boxed--lg bg--none\"><h5 class=\"caption mb-3\">En Vivo<\/h5><h3 class=\"mb-2\"><strong>\u00danete a nosotros en l\u00ednea<\/strong><\/h3><p class=\"lead\">Una experiencia de adoraci\u00f3n inmersiva para todos. Programada todos los domingos a las 2:30PM (EDT).<\/p><a class=\"btn bg--white\" href=\"https:\/\/www.youtube.com\/@atmosphereespanol\" target=\"_blank\"><span class=\"btn__text\"> Mirar ahora <\/span><\/a>\n\t\t<\/div>\n\t\t<\/div>\n\t\t<\/li>\n        <li class=\"block-card col-12 col-sm-12 col-md-6 col-lg-6 col-xl-6\">\n        <div class=\"imagebg border--round d-flex align-items-end\" data-scrim-bottom=\"8\">\n        <div class=\"background-image-holder\"><img decoding=\"async\" class=\"rounded\" src=\"https:\/\/atmospherechurch.com\/espanol\/wp-content\/uploads\/sites\/5\/2026\/01\/ATMOS_PRAYER-REQUEST-1400x900.jpg\" \/><\/div>\n        <div class=\"boxed boxed--lg bg--none\"><h5 class=\"caption mb-3\">Cuidar<\/h5><h3 class=\"mb-2\"><strong>\u00bfNecesitas oraci\u00f3n?<\/strong><\/h3><p class=\"lead\">No importa qu\u00e9 tan grande o peque\u00f1a sea tu petici\u00f3n, creemos en el poder de la oraci\u00f3n. Perm\u00edtenos orar contigo.<\/p><a class=\"btn bg--white\" href=\"mailto:contact@atmospherechurch.com\" target=\"_blank\"><span class=\"btn__text\"> Enviar ahora <\/span><\/a>\n\t\t<\/div>\n\t\t<\/div>\n\t\t<\/li>\n        <li class=\"block-card col-12 col-sm-12 col-md-6 col-lg-6 col-xl-6\">\n        <div class=\"imagebg border--round d-flex align-items-end\" data-scrim-bottom=\"8\">\n        <div class=\"background-image-holder\"><img decoding=\"async\" class=\"rounded\" src=\"https:\/\/atmospherechurch.com\/espanol\/wp-content\/uploads\/sites\/5\/2026\/01\/card_giving-1400x900.jpg\" \/><\/div>\n        <div class=\"boxed boxed--lg bg--none\"><h5 class=\"caption mb-3\">Donar<\/h5><h3 class=\"mb-2\"><strong>Dar generosamente<\/strong><\/h3><p class=\"lead\">Genera un impacto hoy con una contribuci\u00f3n \u00fanica o recurrente. Hay muchas maneras de donar.<\/p><a class=\"btn bg--white\" href=\"https:\/\/atmospherechurch.com\/espanol\/donar\/\" ><span class=\"btn__text\">Descubre c\u00f3mo <\/span><\/a>\n\t\t<\/div>\n\t\t<\/div>\n\t\t<\/li>\n    <\/ul>\n\t<\/div>\n\t<\/div>\n<\/div>\n<\/section>\n\n\n<section id=\"block_4ad1af459032c1e4d4eb8f9084aba03b\" class=\"imagebg parallax parallax-disable-mobile  text-center space--none\" data-overlay=\"6\">\n\n<div class=\"background-image-holder background--center\"><img decoding=\"async\" src=\"\" \/><\/div>\n\n<div class=\"container\">\n<div class=\"row justify-content-center\">\n<div class=\"col-md-6 col-11 text-center-xs text-center-sm\">\n\n<h5 class=\"caption\">Servicios<\/h5>\r\n\r\n<h2>Domingos en la Iglesia Atm\u00f3sfera<\/h2>\r\n\r\n<h3>\u00a1Esperamos verte!<\/h3>\r\n\r\n<p class=\"lead\">Nos encantar\u00eda verte a ti, a tus amigos y a tu familia en la Iglesia. No olvides quedarte para una breve charla con nuestro Equipo de Bienvenida.<\/p>\r\n\r\n<div class=\"boxed bg--primary d-flex flex-column align-items-center justify-content-center\">\r\n<i class=\"icon fa-regular fa-clock mb-3\" aria-hidden=\"true\"><\/i>\r\n<h3><strong>2:30 PM<\/strong><\/h3>\r\n<p>Servicio presencial cada Domingo<\/p>\r\n<\/div>\r\n\t\r\n<\/div>\r\n<\/div>\n<\/div>\n<\/div>\n<\/div>\n<\/section>\n\n\n<section id=\"block_d78a60d6aea5d11463e8918206f08d16\" class=\"feature-large imageblock text-center-xs switchable  space--md bg--white\">\n<div class=\"imageblock__content col-lg-4 col-md-5\">\n<div class=\"background-image-holder background--top\"><img decoding=\"async\" src=\"https:\/\/atmospherechurch.com\/espanol\/wp-content\/uploads\/sites\/5\/2026\/01\/ATMOS_DECISION-1400x900.jpg\" alt=\"\"\/><\/div>\n<\/div>\n<div class=\"container\">\n<div class=\"row\">\n<div class=\"col-lg-7 col-md-6 col-11\">\n\n<h5 class=\"caption\">Legado<\/h5>\r\n\r\n<h2>Lo que cargamos<\/h2>\r\n\r\n<h3><i>\u00abSomos portadores de la presencia de Dios.\u00bb<\/i> <br class=\"hidden-lg\">Somos llamados a guiar a la humanidad a conocer el coraz\u00f3n del Padre y Su prop\u00f3sito para nosotros, y a experimentar Su amor transformador a trav\u00e9s de Jes\u00fas.<\/h3><a class=\"btn-link h3 mt-4\" href=\"https:\/\/atmospherechurch.com\/espanol\/nosotros\/\" >Saber m\u00e1s<\/a>\n<\/div>\n<\/div>\n<\/div>\n<\/section>\n\n\n<section id=\"block_d8fa22d820b10a47aed76e6322f32a4d\" class=\"text-center space--none unpad--bottom bg--light-grey\" >\n<div class=\"container\">\n<div class=\"row justify-content-center\">\n<div class=\"col-12 text-center-sm text-center-xs\"><h5 class=\"caption\">Liderazgo<\/h5><h2>Nuestros Pastores<\/h2>\n<\/div>\n<\/div>\n<\/div>\n<\/section>\n\n\n<section id=\"block_1339d98d379d6764d46009cbdf1e4588\" class=\"space--none unpad--top bg--light-grey\">\n<div class=\"container\">\n<div class=\"row justify-content-center\">\n\t\t\t<div class=\"block-people col-xl-3 col-md-4 col-6\">\n\t\t\t<div class=\"boxed boxed--md bg--none text-center\"><img decoding=\"async\" class=\"avatar mb-3\" src=\"https:\/\/atmospherechurch.com\/espanol\/wp-content\/uploads\/sites\/5\/2020\/01\/contributors_carlosb-bonilla-1-400x400.jpg\">\n\t\t\t<h4 class=\"mb-0\">Carlos Bonilla<\/h4>\n\t\t\t<p class=\"type--uppercase mt-1 mb-0\"><strong>Pastor Fundador<\/strong><\/p>\n\t\t\t<p class=\"type--uppercase small\">Iglesia Atmosfera<\/p>\n\t\t\t<\/div>\n\t\t\t<\/div>\n\t\t\t<div class=\"block-people col-xl-3 col-md-4 col-6\">\n\t\t\t<div class=\"boxed boxed--md bg--none text-center\"><img decoding=\"async\" class=\"avatar mb-3\" src=\"https:\/\/atmospherechurch.com\/espanol\/wp-content\/uploads\/sites\/5\/2026\/01\/3805B55C-B6B7-4A5D-A27D-B4E501DECFA9-e1767750227884-400x400.jpg\">\n\t\t\t<h4 class=\"mb-0\">Miriam Bonilla<\/h4>\n\t\t\t<p class=\"type--uppercase mt-1 mb-0\"><strong><\/strong><\/p>\n\t\t\t<p class=\"type--uppercase small\"><\/p>\n\t\t\t<\/div>\n\t\t\t<\/div>\n<\/div>\n<\/div>\n<\/section>\n\n\n\n\n<section id=\"block_06806f34a225e1ba55c2e9f6af59d3c3\" class=\"imagebg parallax parallax-disable-mobile  text-center space--md\" data-overlay=\"6\">\n\n<div class=\"background-image-holder background--center\"><img decoding=\"async\" src=\"https:\/\/atmospherechurch.com\/espanol\/wp-content\/uploads\/sites\/5\/2026\/01\/ATMOS_HERO_VIP-1400x900.jpg\" \/><\/div>\n\n<div class=\"container\">\n<div class=\"row justify-content-center\">\n<div class=\"col-md-10 col-11 text-center-xs text-center-sm\">\n\n<i class=\"icon mb-3 fa-regular fa-comment\"><\/i>\r\n\r\n<h2>Estemos en contacto<\/h2>\r\n\r\n<h3>\u00bfTienes preguntas o necesitas ayuda? <br class=\"d-block d-lg-none\">Nos encantar\u00eda conectarnos.<\/h3><a class=\"btn bg--primary mt-4\" href=\"https:\/\/atmospherechurch.com\/espanol\/contacto\/\" ><span class=\"btn__text\">Cont\u00e1ctanos<\/span><\/a>\n<\/div>\n<\/div>\n<\/div>\n<\/section>","protected":false},"excerpt":{"rendered":"","protected":false},"author":2,"featured_media":710,"parent":0,"menu_order":0,"comment_status":"closed","ping_status":"closed","template":"templates\/template-page-blockbuilder.php","meta":{"_acf_changed":false,"footnotes":""},"class_list":["post-462","page","type-page","status-publish","has-post-thumbnail","hentry"],"acf":[],"_links":{"self":[{"href":"https:\/\/atmospherechurch.com\/espanol\/wp-json\/wp\/v2\/pages\/462","targetHints":{"allow":["GET"]}}],"collection":[{"href":"https:\/\/atmospherechurch.com\/espanol\/wp-json\/wp\/v2\/pages"}],"about":[{"href":"https:\/\/atmospherechurch.com\/espanol\/wp-json\/wp\/v2\/types\/page"}],"author":[{"embeddable":true,"href":"https:\/\/atmospherechurch.com\/espanol\/wp-json\/wp\/v2\/users\/2"}],"replies":[{"embeddable":true,"href":"https:\/\/atmospherechurch.com\/espanol\/wp-json\/wp\/v2\/comments?post=462"}],"version-history":[{"count":10,"href":"https:\/\/atmospherechurch.com\/espanol\/wp-json\/wp\/v2\/pages\/462\/revisions"}],"predecessor-version":[{"id":795,"href":"https:\/\/atmospherechurch.com\/espanol\/wp-json\/wp\/v2\/pages\/462\/revisions\/795"}],"wp:featuredmedia":[{"embeddable":true,"href":"https:\/\/atmospherechurch.com\/espanol\/wp-json\/wp\/v2\/media\/710"}],"wp:attachment":[{"href":"https:\/\/atmospherechurch.com\/espanol\/wp-json\/wp\/v2\/media?parent=462"}],"curies":[{"name":"wp","href":"https:\/\/api.w.org\/{rel}","templated":true}]}}